{"id":19,"date":"2023-07-15T18:45:56","date_gmt":"2023-07-15T16:45:56","guid":{"rendered":"http:\/\/www.wordpress.mycoryz.com\/?page_id=19"},"modified":"2024-06-22T12:41:10","modified_gmt":"2024-06-22T10:41:10","slug":"contact","status":"publish","type":"page","link":"https:\/\/www.wordpress.mycoryz.com\/index.php\/contact\/","title":{"rendered":"Contact"},"content":{"rendered":"\n<figure class=\"wp-block-image size-large is-style-default\"><img loading=\"lazy\" decoding=\"async\" width=\"1024\" height=\"683\" src=\"https:\/\/www.wordpress.mycoryz.com\/wp-content\/uploads\/2024\/06\/cuilleres-bois-plantes-au-dessus-vue_23-2149339715-1024x683.jpg\" alt=\"Les plantes de l'herboriste\" class=\"wp-image-285\" srcset=\"https:\/\/www.wordpress.mycoryz.com\/wp-content\/uploads\/2024\/06\/cuilleres-bois-plantes-au-dessus-vue_23-2149339715-1024x683.jpg 1024w, https:\/\/www.wordpress.mycoryz.com\/wp-content\/uploads\/2024\/06\/cuilleres-bois-plantes-au-dessus-vue_23-2149339715-300x200.jpg 300w, https:\/\/www.wordpress.mycoryz.com\/wp-content\/uploads\/2024\/06\/cuilleres-bois-plantes-au-dessus-vue_23-2149339715-768x512.jpg 768w, https:\/\/www.wordpress.mycoryz.com\/wp-content\/uploads\/2024\/06\/cuilleres-bois-plantes-au-dessus-vue_23-2149339715.jpg 1380w\" sizes=\"auto, (max-width: 1024px) 100vw, 1024px\" \/><\/figure>\n\n\n\n<p>Les plantes sauvages vous int\u00e9ressent? <\/p>\n\n\n\n<p>Vous pouvez me contacter au <strong>06 12 16 19 21<\/strong> ou \u00e0 l&rsquo;adresse mail suivante : <strong>llimouzineau@gmail.com<\/strong><\/p>\n\n\n\n<p>Ma tani\u00e8re se situe \u00e0 Maurens, au nord de Bergerac, au c\u0153ur de la Dordogne.<\/p>\n\n\n\n<p>\u00c0 bient\u00f4t en balade botanique !<\/p>\n\n\n\n<iframe src=\"https:\/\/www.google.com\/maps\/embed?pb=!1m18!1m12!1m3!1d45213.561715430435!2d0.45231957654961263!3d44.906095947965404!2m3!1f0!2f0!3f0!3m2!1i1024!2i768!4f13.1!3m3!1m2!1s0x12aad228d7c44009%3A0x406651748180400!2sMaurens%2C%2024140%20Eyraud-Crempse-Maurens!5e0!3m2!1sfr!2sfr!4v1716994522083!5m2!1sfr!2sfr\" width=\"600\" height=\"450\" style=\"border:0;\" allowfullscreen=\"\" loading=\"lazy\" referrerpolicy=\"no-referrer-when-downgrade\"><\/iframe>\n\n\n\n<p>\u00c0 bient\u00f4t !<\/p>\n\n\n\n<div class=\"wp-block-buttons is-content-justification-center is-layout-flex wp-container-core-buttons-is-layout-16018d1d wp-block-buttons-is-layout-flex\">\n<div class=\"wp-block-button\"><a class=\"wp-block-button__link wp-element-button\" href=\"https:\/\/www.wordpress.mycoryz.com\/\">Accueil<\/a><\/div>\n<\/div>\n","protected":false},"excerpt":{"rendered":"<p>Les plantes sauvages vous int\u00e9ressent? Vous pouvez me contacter au 06 12 16 19 21 ou \u00e0 l&rsquo;adresse mail suivante : llimouzineau@gmail.com Ma tani\u00e8re se situe \u00e0 Maurens, au nord de Bergerac, au c\u0153ur de la Dordogne. \u00c0 bient\u00f4t en balade botanique ! \u00c0 bient\u00f4t !<\/p>\n","protected":false},"author":1,"featured_media":0,"parent":0,"menu_order":0,"comment_status":"closed","ping_status":"closed","template":"","meta":{"footnotes":""},"class_list":["post-19","page","type-page","status-publish","hentry"],"yoast_head":"<!-- This site is optimized with the Yoast SEO plugin v22.8 - https:\/\/yoast.com\/wordpress\/plugins\/seo\/ -->\n<title>Mycoryz : contact sorties botaniques autour des plantes sauvages<\/title>\n<meta name=\"description\" content=\"R\u00e9servez vos animations nature et sorties botaniques aux alentours de Bergerac, Dordogne. Apprenez \u00e0 reconna\u00eetre les plantes sauvages.\" \/>\n<meta name=\"robots\" content=\"index, follow, max-snippet:-1, max-image-preview:large, max-video-preview:-1\" \/>\n<link rel=\"canonical\" href=\"https:\/\/www.wordpress.mycoryz.com\/index.php\/contact\/\" \/>\n<meta property=\"og:locale\" content=\"fr_FR\" \/>\n<meta property=\"og:type\" content=\"article\" \/>\n<meta property=\"og:title\" content=\"Mycoryz : contact sorties botaniques autour des plantes sauvages\" \/>\n<meta property=\"og:description\" content=\"R\u00e9servez vos animations nature et sorties botaniques aux alentours de Bergerac, Dordogne. Apprenez \u00e0 reconna\u00eetre les plantes sauvages.\" \/>\n<meta property=\"og:url\" content=\"https:\/\/www.wordpress.mycoryz.com\/index.php\/contact\/\" \/>\n<meta property=\"og:site_name\" content=\"Mycoryz\" \/>\n<meta property=\"article:modified_time\" content=\"2024-06-22T10:41:10+00:00\" \/>\n<meta property=\"og:image\" content=\"https:\/\/www.wordpress.mycoryz.com\/wp-content\/uploads\/2024\/06\/cuilleres-bois-plantes-au-dessus-vue_23-2149339715-1024x683.jpg\" \/>\n<meta name=\"twitter:card\" content=\"summary_large_image\" \/>\n<meta name=\"twitter:label1\" content=\"Dur\u00e9e de lecture estim\u00e9e\" \/>\n\t<meta name=\"twitter:data1\" content=\"1 minute\" \/>\n<script type=\"application\/ld+json\" class=\"yoast-schema-graph\">{\"@context\":\"https:\/\/schema.org\",\"@graph\":[{\"@type\":\"WebPage\",\"@id\":\"https:\/\/www.wordpress.mycoryz.com\/index.php\/contact\/\",\"url\":\"https:\/\/www.wordpress.mycoryz.com\/index.php\/contact\/\",\"name\":\"Mycoryz : contact sorties botaniques autour des plantes sauvages\",\"isPartOf\":{\"@id\":\"https:\/\/www.wordpress.mycoryz.com\/#website\"},\"primaryImageOfPage\":{\"@id\":\"https:\/\/www.wordpress.mycoryz.com\/index.php\/contact\/#primaryimage\"},\"image\":{\"@id\":\"https:\/\/www.wordpress.mycoryz.com\/index.php\/contact\/#primaryimage\"},\"thumbnailUrl\":\"https:\/\/www.wordpress.mycoryz.com\/wp-content\/uploads\/2024\/06\/cuilleres-bois-plantes-au-dessus-vue_23-2149339715-1024x683.jpg\",\"datePublished\":\"2023-07-15T16:45:56+00:00\",\"dateModified\":\"2024-06-22T10:41:10+00:00\",\"description\":\"R\u00e9servez vos animations nature et sorties botaniques aux alentours de Bergerac, Dordogne. Apprenez \u00e0 reconna\u00eetre les plantes sauvages.\",\"breadcrumb\":{\"@id\":\"https:\/\/www.wordpress.mycoryz.com\/index.php\/contact\/#breadcrumb\"},\"inLanguage\":\"fr-FR\",\"potentialAction\":[{\"@type\":\"ReadAction\",\"target\":[\"https:\/\/www.wordpress.mycoryz.com\/index.php\/contact\/\"]}]},{\"@type\":\"ImageObject\",\"inLanguage\":\"fr-FR\",\"@id\":\"https:\/\/www.wordpress.mycoryz.com\/index.php\/contact\/#primaryimage\",\"url\":\"https:\/\/www.wordpress.mycoryz.com\/wp-content\/uploads\/2024\/06\/cuilleres-bois-plantes-au-dessus-vue_23-2149339715.jpg\",\"contentUrl\":\"https:\/\/www.wordpress.mycoryz.com\/wp-content\/uploads\/2024\/06\/cuilleres-bois-plantes-au-dessus-vue_23-2149339715.jpg\",\"width\":1380,\"height\":920},{\"@type\":\"BreadcrumbList\",\"@id\":\"https:\/\/www.wordpress.mycoryz.com\/index.php\/contact\/#breadcrumb\",\"itemListElement\":[{\"@type\":\"ListItem\",\"position\":1,\"name\":\"Accueil\",\"item\":\"https:\/\/www.wordpress.mycoryz.com\/\"},{\"@type\":\"ListItem\",\"position\":2,\"name\":\"Contact\"}]},{\"@type\":\"WebSite\",\"@id\":\"https:\/\/www.wordpress.mycoryz.com\/#website\",\"url\":\"https:\/\/www.wordpress.mycoryz.com\/\",\"name\":\"Mycoryz\",\"description\":\"\",\"publisher\":{\"@id\":\"https:\/\/www.wordpress.mycoryz.com\/#organization\"},\"potentialAction\":[{\"@type\":\"SearchAction\",\"target\":{\"@type\":\"EntryPoint\",\"urlTemplate\":\"https:\/\/www.wordpress.mycoryz.com\/?s={search_term_string}\"},\"query-input\":\"required name=search_term_string\"}],\"inLanguage\":\"fr-FR\"},{\"@type\":\"Organization\",\"@id\":\"https:\/\/www.wordpress.mycoryz.com\/#organization\",\"name\":\"Mycoryz\",\"url\":\"https:\/\/www.wordpress.mycoryz.com\/\",\"logo\":{\"@type\":\"ImageObject\",\"inLanguage\":\"fr-FR\",\"@id\":\"https:\/\/www.wordpress.mycoryz.com\/#\/schema\/logo\/image\/\",\"url\":\"https:\/\/www.wordpress.mycoryz.com\/wp-content\/uploads\/2024\/05\/Logo_new_02-copy-scaled.jpg\",\"contentUrl\":\"https:\/\/www.wordpress.mycoryz.com\/wp-content\/uploads\/2024\/05\/Logo_new_02-copy-scaled.jpg\",\"width\":2560,\"height\":410,\"caption\":\"Mycoryz\"},\"image\":{\"@id\":\"https:\/\/www.wordpress.mycoryz.com\/#\/schema\/logo\/image\/\"}}]}<\/script>\n<!-- \/ Yoast SEO plugin. -->","yoast_head_json":{"title":"Mycoryz : contact sorties botaniques autour des plantes sauvages","description":"R\u00e9servez vos animations nature et sorties botaniques aux alentours de Bergerac, Dordogne. Apprenez \u00e0 reconna\u00eetre les plantes sauvages.","robots":{"index":"index","follow":"follow","max-snippet":"max-snippet:-1","max-image-preview":"max-image-preview:large","max-video-preview":"max-video-preview:-1"},"canonical":"https:\/\/www.wordpress.mycoryz.com\/index.php\/contact\/","og_locale":"fr_FR","og_type":"article","og_title":"Mycoryz : contact sorties botaniques autour des plantes sauvages","og_description":"R\u00e9servez vos animations nature et sorties botaniques aux alentours de Bergerac, Dordogne. Apprenez \u00e0 reconna\u00eetre les plantes sauvages.","og_url":"https:\/\/www.wordpress.mycoryz.com\/index.php\/contact\/","og_site_name":"Mycoryz","article_modified_time":"2024-06-22T10:41:10+00:00","og_image":[{"url":"https:\/\/www.wordpress.mycoryz.com\/wp-content\/uploads\/2024\/06\/cuilleres-bois-plantes-au-dessus-vue_23-2149339715-1024x683.jpg"}],"twitter_card":"summary_large_image","twitter_misc":{"Dur\u00e9e de lecture estim\u00e9e":"1 minute"},"schema":{"@context":"https:\/\/schema.org","@graph":[{"@type":"WebPage","@id":"https:\/\/www.wordpress.mycoryz.com\/index.php\/contact\/","url":"https:\/\/www.wordpress.mycoryz.com\/index.php\/contact\/","name":"Mycoryz : contact sorties botaniques autour des plantes sauvages","isPartOf":{"@id":"https:\/\/www.wordpress.mycoryz.com\/#website"},"primaryImageOfPage":{"@id":"https:\/\/www.wordpress.mycoryz.com\/index.php\/contact\/#primaryimage"},"image":{"@id":"https:\/\/www.wordpress.mycoryz.com\/index.php\/contact\/#primaryimage"},"thumbnailUrl":"https:\/\/www.wordpress.mycoryz.com\/wp-content\/uploads\/2024\/06\/cuilleres-bois-plantes-au-dessus-vue_23-2149339715-1024x683.jpg","datePublished":"2023-07-15T16:45:56+00:00","dateModified":"2024-06-22T10:41:10+00:00","description":"R\u00e9servez vos animations nature et sorties botaniques aux alentours de Bergerac, Dordogne. Apprenez \u00e0 reconna\u00eetre les plantes sauvages.","breadcrumb":{"@id":"https:\/\/www.wordpress.mycoryz.com\/index.php\/contact\/#breadcrumb"},"inLanguage":"fr-FR","potentialAction":[{"@type":"ReadAction","target":["https:\/\/www.wordpress.mycoryz.com\/index.php\/contact\/"]}]},{"@type":"ImageObject","inLanguage":"fr-FR","@id":"https:\/\/www.wordpress.mycoryz.com\/index.php\/contact\/#primaryimage","url":"https:\/\/www.wordpress.mycoryz.com\/wp-content\/uploads\/2024\/06\/cuilleres-bois-plantes-au-dessus-vue_23-2149339715.jpg","contentUrl":"https:\/\/www.wordpress.mycoryz.com\/wp-content\/uploads\/2024\/06\/cuilleres-bois-plantes-au-dessus-vue_23-2149339715.jpg","width":1380,"height":920},{"@type":"BreadcrumbList","@id":"https:\/\/www.wordpress.mycoryz.com\/index.php\/contact\/#breadcrumb","itemListElement":[{"@type":"ListItem","position":1,"name":"Accueil","item":"https:\/\/www.wordpress.mycoryz.com\/"},{"@type":"ListItem","position":2,"name":"Contact"}]},{"@type":"WebSite","@id":"https:\/\/www.wordpress.mycoryz.com\/#website","url":"https:\/\/www.wordpress.mycoryz.com\/","name":"Mycoryz","description":"","publisher":{"@id":"https:\/\/www.wordpress.mycoryz.com\/#organization"},"potentialAction":[{"@type":"SearchAction","target":{"@type":"EntryPoint","urlTemplate":"https:\/\/www.wordpress.mycoryz.com\/?s={search_term_string}"},"query-input":"required name=search_term_string"}],"inLanguage":"fr-FR"},{"@type":"Organization","@id":"https:\/\/www.wordpress.mycoryz.com\/#organization","name":"Mycoryz","url":"https:\/\/www.wordpress.mycoryz.com\/","logo":{"@type":"ImageObject","inLanguage":"fr-FR","@id":"https:\/\/www.wordpress.mycoryz.com\/#\/schema\/logo\/image\/","url":"https:\/\/www.wordpress.mycoryz.com\/wp-content\/uploads\/2024\/05\/Logo_new_02-copy-scaled.jpg","contentUrl":"https:\/\/www.wordpress.mycoryz.com\/wp-content\/uploads\/2024\/05\/Logo_new_02-copy-scaled.jpg","width":2560,"height":410,"caption":"Mycoryz"},"image":{"@id":"https:\/\/www.wordpress.mycoryz.com\/#\/schema\/logo\/image\/"}}]}},"_links":{"self":[{"href":"https:\/\/www.wordpress.mycoryz.com\/index.php\/wp-json\/wp\/v2\/pages\/19","targetHints":{"allow":["GET"]}}],"collection":[{"href":"https:\/\/www.wordpress.mycoryz.com\/index.php\/wp-json\/wp\/v2\/pages"}],"about":[{"href":"https:\/\/www.wordpress.mycoryz.com\/index.php\/wp-json\/wp\/v2\/types\/page"}],"author":[{"embeddable":true,"href":"https:\/\/www.wordpress.mycoryz.com\/index.php\/wp-json\/wp\/v2\/users\/1"}],"replies":[{"embeddable":true,"href":"https:\/\/www.wordpress.mycoryz.com\/index.php\/wp-json\/wp\/v2\/comments?post=19"}],"version-history":[{"count":21,"href":"https:\/\/www.wordpress.mycoryz.com\/index.php\/wp-json\/wp\/v2\/pages\/19\/revisions"}],"predecessor-version":[{"id":315,"href":"https:\/\/www.wordpress.mycoryz.com\/index.php\/wp-json\/wp\/v2\/pages\/19\/revisions\/315"}],"wp:attachment":[{"href":"https:\/\/www.wordpress.mycoryz.com\/index.php\/wp-json\/wp\/v2\/media?parent=19"}],"curies":[{"name":"wp","href":"https:\/\/api.w.org\/{rel}","templated":true}]}}