{"id":2,"date":"2023-07-14T18:55:40","date_gmt":"2023-07-14T16:55:40","guid":{"rendered":"http:\/\/www.wordpress.mycoryz.com\/?page_id=2"},"modified":"2024-06-21T18:21:25","modified_gmt":"2024-06-21T16:21:25","slug":"animation-nature-et-sorties-botaniques-autour-des-plantes-sauvages","status":"publish","type":"page","link":"https:\/\/www.wordpress.mycoryz.com\/","title":{"rendered":"Mycoryz : animations nature et sorties botaniques en P\u00e9rigord"},"content":{"rendered":"\n<figure class=\"wp-block-image size-large\"><img loading=\"lazy\" decoding=\"async\" width=\"1024\" height=\"683\" src=\"https:\/\/www.wordpress.mycoryz.com\/wp-content\/uploads\/2024\/05\/assortiment-contenants-plantes-angle-eleve_23-2149339762-1024x683.jpg\" alt=\"Les plantes de l'herboriste\" class=\"wp-image-175\" srcset=\"https:\/\/www.wordpress.mycoryz.com\/wp-content\/uploads\/2024\/05\/assortiment-contenants-plantes-angle-eleve_23-2149339762-1024x683.jpg 1024w, https:\/\/www.wordpress.mycoryz.com\/wp-content\/uploads\/2024\/05\/assortiment-contenants-plantes-angle-eleve_23-2149339762-300x200.jpg 300w, https:\/\/www.wordpress.mycoryz.com\/wp-content\/uploads\/2024\/05\/assortiment-contenants-plantes-angle-eleve_23-2149339762-768x512.jpg 768w, https:\/\/www.wordpress.mycoryz.com\/wp-content\/uploads\/2024\/05\/assortiment-contenants-plantes-angle-eleve_23-2149339762.jpg 1380w\" sizes=\"auto, (max-width: 1024px) 100vw, 1024px\" \/><\/figure>\n\n\n\n<p><\/p>\n\n\n\n<p>La mycorhize est une symbiose entre le myc\u00e9lium d&rsquo;un champignon et des racines d&rsquo;un arbre ou d&rsquo;une plante \u00e0 fleurs. Un vaste r\u00e9seau sous-terrain o\u00f9 les diff\u00e9rentes esp\u00e8ces coop\u00e8rent pour leur survie. Le nom m&rsquo;a sembl\u00e9 adapt\u00e9 pour l&rsquo;animation nature et les sorties botaniques. L&rsquo;usage des plantes sauvages met en relation les habitants de ce monde, et ce depuis des mill\u00e9naires.<\/p>\n\n\n\n<h2 class=\"wp-block-heading\">Qui suis-je?<\/h2>\n\n\n\n<p>Je m&rsquo;appelle La\u00ebtitia. Apr\u00e8s plusieurs ann\u00e9es en tant qu\u2019ing\u00e9nieur dans la t\u00e9l\u00e9vision num\u00e9rique, j\u2019ai eu envie de me reconvertir vers un emploi que je trouvais plus gratifiant, plus utile. Je suis donc devenue professeur des \u00e9coles. Apr\u00e8s 15 ans, l\u2019usure et la fatigue m\u2019ont fait me poser des questions. J\u2019ai d\u00e9cid\u00e9 de travailler dans ce qui me passionne depuis toujours : la Nature. C\u2019est donc naturellement que j\u2019en suis venue \u00e0 me former pour devenir herboriste et d\u00e9couvrir ce monde v\u00e9g\u00e9tal que je connaissais si peu.<\/p>\n\n\n\n<p>Titulaire d\u2019un BAFA animation nature et environnement ainsi que d\u2019un dipl\u00f4me de l\u2019Institut Fran\u00e7ais d\u2019Herboristerie, je propose de vous emmener sur les chemins d\u00e9couvrir les plantes fabuleuses qui nous entourent. Pour le d\u00e9butant, tout est verdure, pour l\u2019initi\u00e9, tout est tr\u00e9sor. Un tr\u00e9sor, cela se partage.<\/p>\n\n\n\n<h2 class=\"wp-block-heading\">O\u00f9 me trouver?<\/h2>\n\n\n\n<p>Situ\u00e9e aux alentours de Bergerac, \u00e0 Maurens, en Dordogne, dans la r\u00e9gion Nouvelle-Aquitaine, les plantes sauvages de notre belle r\u00e9gion sont nombreuses. Elles poss\u00e8dent des vertus insoup\u00e7onn\u00e9es que j&rsquo;ai envie de partager avec le plus grand nombre.<\/p>\n\n\n\n<p>Apprendre conna\u00eetre les plantes, les utiliser, les cuisiner, faire des sirops, des tisanes, des baumes, des mac\u00e9rats, les possibilit\u00e9s sont infinies et si simples ! \u00c0 vous de les d\u00e9couvrir !<\/p>\n\n\n\n<h2 class=\"wp-block-heading\">Les animations et sorties plantes sauvages<\/h2>\n\n\n\n<p>Diff\u00e9rentes sorties et animations sont organis\u00e9es en fonction des saisons :<\/p>\n\n\n\n<ul class=\"wp-block-list\">\n<li>Au printemps et en \u00e9t\u00e9 : sorties botaniques autour des plantes sauvages, atelier de cuisine autour des plantes sauvages, animations nature\u2026<\/li>\n\n\n\n<li>En automne et en hiver : ateliers savons, tisanes, mac\u00e9rat huileux, baumes\u2026<\/li>\n<\/ul>\n\n\n\n<p><\/p>\n\n\n\n<p>\u00c0 bient\u00f4t en promenade botanique!<\/p>\n\n\n\n\n\n<div class=\"wp-block-buttons is-content-justification-center is-layout-flex wp-container-core-buttons-is-layout-16018d1d wp-block-buttons-is-layout-flex\">\n<div class=\"wp-block-button\"><a class=\"wp-block-button__link wp-element-button\" href=\"https:\/\/www.wordpress.mycoryz.com\/index.php\/contact\/\">Contact<\/a><\/div>\n<\/div>\n","protected":false},"excerpt":{"rendered":"<p>La mycorhize est une symbiose entre le myc\u00e9lium d&rsquo;un champignon et des racines d&rsquo;un arbre ou d&rsquo;une plante \u00e0 fleurs. Un vaste r\u00e9seau sous-terrain o\u00f9 les diff\u00e9rentes esp\u00e8ces coop\u00e8rent pour leur survie. Le nom m&rsquo;a sembl\u00e9 adapt\u00e9 pour l&rsquo;animation nature et les sorties botaniques. L&rsquo;usage des plantes sauvages met en relation les habitants de ce &hellip;<\/p>\n","protected":false},"author":1,"featured_media":0,"parent":0,"menu_order":0,"comment_status":"open","ping_status":"open","template":"","meta":{"footnotes":""},"class_list":["post-2","page","type-page","status-publish","hentry"],"yoast_head":"<!-- This site is optimized with the Yoast SEO plugin v22.8 - https:\/\/yoast.com\/wordpress\/plugins\/seo\/ -->\n<title>Mycoryz : sorties botaniques autour des plantes sauvages<\/title>\n<meta name=\"description\" content=\"Animations nature et sorties botaniques aux alentours de Bergerac, Dordogne. Apprenez \u00e0 reconna\u00eetre les plantes sauvages.\" \/>\n<meta name=\"robots\" content=\"index, follow, max-snippet:-1, max-image-preview:large, max-video-preview:-1\" \/>\n<link rel=\"canonical\" href=\"https:\/\/www.wordpress.mycoryz.com\/\" \/>\n<meta property=\"og:locale\" content=\"fr_FR\" \/>\n<meta property=\"og:type\" content=\"article\" \/>\n<meta property=\"og:title\" content=\"Mycoryz : sorties botaniques autour des plantes sauvages\" \/>\n<meta property=\"og:description\" content=\"Animations nature et sorties botaniques aux alentours de Bergerac, Dordogne. Apprenez \u00e0 reconna\u00eetre les plantes sauvages.\" \/>\n<meta property=\"og:url\" content=\"https:\/\/www.wordpress.mycoryz.com\/\" \/>\n<meta property=\"og:site_name\" content=\"Mycoryz\" \/>\n<meta property=\"article:modified_time\" content=\"2024-06-21T16:21:25+00:00\" \/>\n<meta property=\"og:image\" content=\"https:\/\/www.wordpress.mycoryz.com\/wp-content\/uploads\/2024\/05\/assortiment-contenants-plantes-angle-eleve_23-2149339762-1024x683.jpg\" \/>\n<meta name=\"twitter:card\" content=\"summary_large_image\" \/>\n<meta name=\"twitter:label1\" content=\"Dur\u00e9e de lecture estim\u00e9e\" \/>\n\t<meta name=\"twitter:data1\" content=\"2 minutes\" \/>\n<script type=\"application\/ld+json\" class=\"yoast-schema-graph\">{\"@context\":\"https:\/\/schema.org\",\"@graph\":[{\"@type\":\"WebPage\",\"@id\":\"https:\/\/www.wordpress.mycoryz.com\/\",\"url\":\"https:\/\/www.wordpress.mycoryz.com\/\",\"name\":\"Mycoryz : sorties botaniques autour des plantes sauvages\",\"isPartOf\":{\"@id\":\"https:\/\/www.wordpress.mycoryz.com\/#website\"},\"primaryImageOfPage\":{\"@id\":\"https:\/\/www.wordpress.mycoryz.com\/#primaryimage\"},\"image\":{\"@id\":\"https:\/\/www.wordpress.mycoryz.com\/#primaryimage\"},\"thumbnailUrl\":\"https:\/\/www.wordpress.mycoryz.com\/wp-content\/uploads\/2024\/05\/assortiment-contenants-plantes-angle-eleve_23-2149339762-1024x683.jpg\",\"datePublished\":\"2023-07-14T16:55:40+00:00\",\"dateModified\":\"2024-06-21T16:21:25+00:00\",\"description\":\"Animations nature et sorties botaniques aux alentours de Bergerac, Dordogne. Apprenez \u00e0 reconna\u00eetre les plantes sauvages.\",\"breadcrumb\":{\"@id\":\"https:\/\/www.wordpress.mycoryz.com\/#breadcrumb\"},\"inLanguage\":\"fr-FR\",\"potentialAction\":[{\"@type\":\"ReadAction\",\"target\":[\"https:\/\/www.wordpress.mycoryz.com\/\"]}]},{\"@type\":\"ImageObject\",\"inLanguage\":\"fr-FR\",\"@id\":\"https:\/\/www.wordpress.mycoryz.com\/#primaryimage\",\"url\":\"https:\/\/www.wordpress.mycoryz.com\/wp-content\/uploads\/2024\/05\/assortiment-contenants-plantes-angle-eleve_23-2149339762.jpg\",\"contentUrl\":\"https:\/\/www.wordpress.mycoryz.com\/wp-content\/uploads\/2024\/05\/assortiment-contenants-plantes-angle-eleve_23-2149339762.jpg\",\"width\":1380,\"height\":920},{\"@type\":\"BreadcrumbList\",\"@id\":\"https:\/\/www.wordpress.mycoryz.com\/#breadcrumb\",\"itemListElement\":[{\"@type\":\"ListItem\",\"position\":1,\"name\":\"Accueil\",\"item\":\"https:\/\/www.wordpress.mycoryz.com\/\"},{\"@type\":\"ListItem\",\"position\":2,\"name\":\"Mycoryz : animations nature et sorties botaniques en P\u00e9rigord\"}]},{\"@type\":\"WebSite\",\"@id\":\"https:\/\/www.wordpress.mycoryz.com\/#website\",\"url\":\"https:\/\/www.wordpress.mycoryz.com\/\",\"name\":\"Mycoryz\",\"description\":\"\",\"publisher\":{\"@id\":\"https:\/\/www.wordpress.mycoryz.com\/#organization\"},\"potentialAction\":[{\"@type\":\"SearchAction\",\"target\":{\"@type\":\"EntryPoint\",\"urlTemplate\":\"https:\/\/www.wordpress.mycoryz.com\/?s={search_term_string}\"},\"query-input\":\"required name=search_term_string\"}],\"inLanguage\":\"fr-FR\"},{\"@type\":\"Organization\",\"@id\":\"https:\/\/www.wordpress.mycoryz.com\/#organization\",\"name\":\"Mycoryz\",\"url\":\"https:\/\/www.wordpress.mycoryz.com\/\",\"logo\":{\"@type\":\"ImageObject\",\"inLanguage\":\"fr-FR\",\"@id\":\"https:\/\/www.wordpress.mycoryz.com\/#\/schema\/logo\/image\/\",\"url\":\"https:\/\/www.wordpress.mycoryz.com\/wp-content\/uploads\/2024\/05\/Logo_new_02-copy-scaled.jpg\",\"contentUrl\":\"https:\/\/www.wordpress.mycoryz.com\/wp-content\/uploads\/2024\/05\/Logo_new_02-copy-scaled.jpg\",\"width\":2560,\"height\":410,\"caption\":\"Mycoryz\"},\"image\":{\"@id\":\"https:\/\/www.wordpress.mycoryz.com\/#\/schema\/logo\/image\/\"}}]}<\/script>\n<!-- \/ Yoast SEO plugin. -->","yoast_head_json":{"title":"Mycoryz : sorties botaniques autour des plantes sauvages","description":"Animations nature et sorties botaniques aux alentours de Bergerac, Dordogne. Apprenez \u00e0 reconna\u00eetre les plantes sauvages.","robots":{"index":"index","follow":"follow","max-snippet":"max-snippet:-1","max-image-preview":"max-image-preview:large","max-video-preview":"max-video-preview:-1"},"canonical":"https:\/\/www.wordpress.mycoryz.com\/","og_locale":"fr_FR","og_type":"article","og_title":"Mycoryz : sorties botaniques autour des plantes sauvages","og_description":"Animations nature et sorties botaniques aux alentours de Bergerac, Dordogne. Apprenez \u00e0 reconna\u00eetre les plantes sauvages.","og_url":"https:\/\/www.wordpress.mycoryz.com\/","og_site_name":"Mycoryz","article_modified_time":"2024-06-21T16:21:25+00:00","og_image":[{"url":"https:\/\/www.wordpress.mycoryz.com\/wp-content\/uploads\/2024\/05\/assortiment-contenants-plantes-angle-eleve_23-2149339762-1024x683.jpg"}],"twitter_card":"summary_large_image","twitter_misc":{"Dur\u00e9e de lecture estim\u00e9e":"2 minutes"},"schema":{"@context":"https:\/\/schema.org","@graph":[{"@type":"WebPage","@id":"https:\/\/www.wordpress.mycoryz.com\/","url":"https:\/\/www.wordpress.mycoryz.com\/","name":"Mycoryz : sorties botaniques autour des plantes sauvages","isPartOf":{"@id":"https:\/\/www.wordpress.mycoryz.com\/#website"},"primaryImageOfPage":{"@id":"https:\/\/www.wordpress.mycoryz.com\/#primaryimage"},"image":{"@id":"https:\/\/www.wordpress.mycoryz.com\/#primaryimage"},"thumbnailUrl":"https:\/\/www.wordpress.mycoryz.com\/wp-content\/uploads\/2024\/05\/assortiment-contenants-plantes-angle-eleve_23-2149339762-1024x683.jpg","datePublished":"2023-07-14T16:55:40+00:00","dateModified":"2024-06-21T16:21:25+00:00","description":"Animations nature et sorties botaniques aux alentours de Bergerac, Dordogne. Apprenez \u00e0 reconna\u00eetre les plantes sauvages.","breadcrumb":{"@id":"https:\/\/www.wordpress.mycoryz.com\/#breadcrumb"},"inLanguage":"fr-FR","potentialAction":[{"@type":"ReadAction","target":["https:\/\/www.wordpress.mycoryz.com\/"]}]},{"@type":"ImageObject","inLanguage":"fr-FR","@id":"https:\/\/www.wordpress.mycoryz.com\/#primaryimage","url":"https:\/\/www.wordpress.mycoryz.com\/wp-content\/uploads\/2024\/05\/assortiment-contenants-plantes-angle-eleve_23-2149339762.jpg","contentUrl":"https:\/\/www.wordpress.mycoryz.com\/wp-content\/uploads\/2024\/05\/assortiment-contenants-plantes-angle-eleve_23-2149339762.jpg","width":1380,"height":920},{"@type":"BreadcrumbList","@id":"https:\/\/www.wordpress.mycoryz.com\/#breadcrumb","itemListElement":[{"@type":"ListItem","position":1,"name":"Accueil","item":"https:\/\/www.wordpress.mycoryz.com\/"},{"@type":"ListItem","position":2,"name":"Mycoryz : animations nature et sorties botaniques en P\u00e9rigord"}]},{"@type":"WebSite","@id":"https:\/\/www.wordpress.mycoryz.com\/#website","url":"https:\/\/www.wordpress.mycoryz.com\/","name":"Mycoryz","description":"","publisher":{"@id":"https:\/\/www.wordpress.mycoryz.com\/#organization"},"potentialAction":[{"@type":"SearchAction","target":{"@type":"EntryPoint","urlTemplate":"https:\/\/www.wordpress.mycoryz.com\/?s={search_term_string}"},"query-input":"required name=search_term_string"}],"inLanguage":"fr-FR"},{"@type":"Organization","@id":"https:\/\/www.wordpress.mycoryz.com\/#organization","name":"Mycoryz","url":"https:\/\/www.wordpress.mycoryz.com\/","logo":{"@type":"ImageObject","inLanguage":"fr-FR","@id":"https:\/\/www.wordpress.mycoryz.com\/#\/schema\/logo\/image\/","url":"https:\/\/www.wordpress.mycoryz.com\/wp-content\/uploads\/2024\/05\/Logo_new_02-copy-scaled.jpg","contentUrl":"https:\/\/www.wordpress.mycoryz.com\/wp-content\/uploads\/2024\/05\/Logo_new_02-copy-scaled.jpg","width":2560,"height":410,"caption":"Mycoryz"},"image":{"@id":"https:\/\/www.wordpress.mycoryz.com\/#\/schema\/logo\/image\/"}}]}},"_links":{"self":[{"href":"https:\/\/www.wordpress.mycoryz.com\/index.php\/wp-json\/wp\/v2\/pages\/2","targetHints":{"allow":["GET"]}}],"collection":[{"href":"https:\/\/www.wordpress.mycoryz.com\/index.php\/wp-json\/wp\/v2\/pages"}],"about":[{"href":"https:\/\/www.wordpress.mycoryz.com\/index.php\/wp-json\/wp\/v2\/types\/page"}],"author":[{"embeddable":true,"href":"https:\/\/www.wordpress.mycoryz.com\/index.php\/wp-json\/wp\/v2\/users\/1"}],"replies":[{"embeddable":true,"href":"https:\/\/www.wordpress.mycoryz.com\/index.php\/wp-json\/wp\/v2\/comments?post=2"}],"version-history":[{"count":27,"href":"https:\/\/www.wordpress.mycoryz.com\/index.php\/wp-json\/wp\/v2\/pages\/2\/revisions"}],"predecessor-version":[{"id":313,"href":"https:\/\/www.wordpress.mycoryz.com\/index.php\/wp-json\/wp\/v2\/pages\/2\/revisions\/313"}],"wp:attachment":[{"href":"https:\/\/www.wordpress.mycoryz.com\/index.php\/wp-json\/wp\/v2\/media?parent=2"}],"curies":[{"name":"wp","href":"https:\/\/api.w.org\/{rel}","templated":true}]}}